{"id":41,"date":"2016-09-30T08:43:35","date_gmt":"2016-09-30T08:43:35","guid":{"rendered":"http:\/\/nowytarg.greenbuildingstandard.eu\/?page_id=41"},"modified":"2021-09-02T15:31:23","modified_gmt":"2021-09-02T13:31:23","slug":"o-budynku","status":"publish","type":"page","link":"http:\/\/czackiego.greenbuildingstandard.eu\/en\/o-budynku\/","title":{"rendered":"O budynku"},"content":{"rendered":"<p>Budynek biurowy przy ulicy Czackiego 15\/17 w Warszawie sk\u0142ada si\u0119 z jednej kondygnacji podziemnej oraz o\u015bmiu kondygnacji nadziemnych. Budynek pierwotnie zosta\u0142 wybudowany w latach 50-tych. By\u0142 siedzib\u0105 min. Teatru Kwadrat. Po rozbudowie, nadbudowie i przebudowie\u00a0 powierzchnia obiektu wynosi\u0107 b\u0119dzie 4451 m2.<\/p>\n<p>Inwestorem nieruchomo\u015bci jest Adgar, natomiast jej projekt powsta\u0142 w pracowni Archicon Szczesiuk &amp; Wilczek.<\/p>\n<p>Po wykonanych pracach budynek zachowa biurowy charakter. Kondygnacje nadziemne b\u0119d\u0105 przeznaczone do wynajmu i u\u017cytku typu co-work.<\/p>\n<p>W gara\u017cu budynku przewidziano parking samochodowy z siedmioma stanowiskami oraz miejsca postojowe dla rower\u00f3w.<\/p>\n<p>Lokalizacja budynku umo\u017cliwia swobodne przemieszczanie si\u0119 do innych cz\u0119\u015bci miasta, szczeg\u00f3lnie miejskimi \u015brodkami transportu (w pobli\u017cu znajduje si\u0119 stacja metra). W okolicy znajduj\u0105 si\u0119 sklepy, punkty us\u0142ugowe, hotele, restauracje.<\/p>\n<p>Walory ekologiczne inwestycji oraz komfort \u015brodowiska pracy potwierdza certyfikat\u00a0<a href=\"http:\/\/greenbuildingstandard.eu\/\">Green Building Standard.<\/a><\/p>\n<p><a class=\"przycisk mb-button mb-style-traditional mb-size-default mb-corners-default mb-text-style-default \" style=\"background-color: #2bc470;\" href=\"http:\/\/czackiego.greenbuildingstandard.eu#focus\">Udogodnienia<\/a><\/p>\n","protected":false},"excerpt":{"rendered":"<p>Budynek biurowy przy ulicy Czackiego 15\/17 w Warszawie sk\u0142ada si\u0119 z jednej kondygnacji podziemnej oraz o\u015bmiu kondygnacji nadziemnych. Budynek pierwotnie zosta\u0142 wybudowany w latach 50-tych. By\u0142 siedzib\u0105 min. Teatru Kwadrat. Po rozbudowie, nadbudowie i przebudowie\u00a0 powierzchnia obiektu wynosi\u0107 b\u0119dzie 4451 m2. Inwestorem nieruchomo\u015bci jest Adgar, natomiast jej projekt powsta\u0142 w pracowni Archicon Szczesiuk &amp; Wilczek. <a href=\"http:\/\/czackiego.greenbuildingstandard.eu\/en\/o-budynku\/\" rel=\"nofollow\"><span class=\"sr-only\">Read more about O budynku<\/span>[&hellip;]<\/a><\/p>\n","protected":false},"author":1,"featured_media":0,"parent":0,"menu_order":0,"comment_status":"closed","ping_status":"closed","template":"template-fullwidth.php","meta":[],"_links":{"self":[{"href":"http:\/\/czackiego.greenbuildingstandard.eu\/en\/wp-json\/wp\/v2\/pages\/41"}],"collection":[{"href":"http:\/\/czackiego.greenbuildingstandard.eu\/en\/wp-json\/wp\/v2\/pages"}],"about":[{"href":"http:\/\/czackiego.greenbuildingstandard.eu\/en\/wp-json\/wp\/v2\/types\/page"}],"author":[{"embeddable":true,"href":"http:\/\/czackiego.greenbuildingstandard.eu\/en\/wp-json\/wp\/v2\/users\/1"}],"replies":[{"embeddable":true,"href":"http:\/\/czackiego.greenbuildingstandard.eu\/en\/wp-json\/wp\/v2\/comments?post=41"}],"version-history":[{"count":8,"href":"http:\/\/czackiego.greenbuildingstandard.eu\/en\/wp-json\/wp\/v2\/pages\/41\/revisions"}],"predecessor-version":[{"id":819,"href":"http:\/\/czackiego.greenbuildingstandard.eu\/en\/wp-json\/wp\/v2\/pages\/41\/revisions\/819"}],"wp:attachment":[{"href":"http:\/\/czackiego.greenbuildingstandard.eu\/en\/wp-json\/wp\/v2\/media?parent=41"}],"curies":[{"name":"wp","href":"https:\/\/api.w.org\/{rel}","templated":true}]}}